{"id":61,"date":"2024-06-25T20:32:17","date_gmt":"2024-06-25T17:32:17","guid":{"rendered":"https:\/\/saydampower.com\/?page_id=61"},"modified":"2024-06-25T20:32:17","modified_gmt":"2024-06-25T17:32:17","slug":"hakkimizda","status":"publish","type":"page","link":"https:\/\/saydampower.com\/?page_id=61","title":{"rendered":"Hakk\u0131m\u0131zda"},"content":{"rendered":"\n<ol><\/ol>\n\n\n\n<p>50 YILI A\u015eKIN S\u00dcRED\u0130R TARIM SEKT\u00d6R\u00dcNDE FAA\u0130L\u0130YET G\u00d6STEREN A\u0130LE \u015e\u0130RKET\u0130M\u0130Z&nbsp;<strong>SAYDAM TARIM<\/strong>; Z\u0130RA\u0130 \u0130LA\u00c7, TOHUM, G\u00dcBRE,F\u0130DE VE TARIM MAK\u0130NALARI SATI\u015eI ALANINDA VE BUNUN YANISIRA YAKLA\u015eIK 20 YILDIR \u0130LA\u00c7LAMA POMPALARI ALANINDA DEVAM EDEN SATI\u015e PAZARLAMA FAAL\u0130YETLER\u0130NE ARTIK KEND\u0130 MARKASI&nbsp;<strong>\u2018\u2019SAYDAM POWER\u2019\u2019<\/strong>&nbsp;\u0130LE \u0130LA\u00c7LAMA POMPALARI SEKT\u00d6R\u00dcNE KEND\u0130 \u00d6ZSERMAYES\u0130YLE \u00dcRET\u0130M YAPARAK SATI\u015eLARINA BA\u015eLAMI\u015e BULUNMAKTADIR.\u015e\u0130RKET\u0130M\u0130Z G\u00dcVEN, KAL\u0130TE VE MENUN\u0130YET ODAKLI OLARAK G\u00dcNDEN G\u00dcNE SA\u011eLAM ADIMLARLA B\u00dcY\u00dcMEYE DEVAM ED\u0130YOR.<\/p>\n\n\n\n<p><strong>SAYDAM POWER,&nbsp;<\/strong>S\u0130Z DE\u011eERL\u0130 M\u00dc\u015eTER\u0130LER\u0130M\u0130ZE KAL\u0130TES\u0130DEN \u00d6D\u00dcN VERMEDEN, HIZLI VE GEN\u0130\u015e TEDAR\u0130K A\u011eI \u0130LE H\u0130ZMETLER\u0130NE DURMADAN DEVAM ETMEKTED\u0130R.<\/p>\n\n\n\n<p>\u0130LA\u00c7LAMA POMPALARI VE POMPA YEDEK PAR\u00c7ALARI TEDAR\u0130\u011e\u0130NDE 7\/24 H\u0130ZMET ALACA\u011eINIZ \u0130LET\u0130\u015e\u0130M HATLARIMIZDAN B\u0130ZLERE ULA\u015eAB\u0130L\u0130RS\u0130N\u0130Z.<\/p>\n\n\n\n<p>SAYGILARIMIZLA,<\/p>\n","protected":false},"excerpt":{"rendered":"<p>50 YILI A\u015eKIN S\u00dcRED\u0130R TARIM SEKT\u00d6R\u00dcNDE FAA\u0130L\u0130YET G\u00d6STEREN A\u0130LE \u015e\u0130RKET\u0130M\u0130Z&nbsp;SAYDAM TARIM; Z\u0130RA\u0130 \u0130LA\u00c7, TOHUM, G\u00dcBRE,F\u0130DE VE TARIM MAK\u0130NALARI SATI\u015eI ALANINDA VE BUNUN YANISIRA YAKLA\u015eIK 20 YILDIR \u0130LA\u00c7LAMA POMPALARI ALANINDA DEVAM EDEN SATI\u015e PAZARLAMA FAAL\u0130YETLER\u0130NE ARTIK KEND\u0130 MARKASI&nbsp;\u2018\u2019SAYDAM POWER\u2019\u2019&nbsp;\u0130LE \u0130LA\u00c7LAMA POMPALARI SEKT\u00d6R\u00dcNE KEND\u0130 \u00d6ZSERMAYES\u0130YLE \u00dcRET\u0130M YAPARAK SATI\u015eLARINA BA\u015eLAMI\u015e BULUNMAKTADIR.\u015e\u0130RKET\u0130M\u0130Z G\u00dcVEN, KAL\u0130TE VE MENUN\u0130YET ODAKLI OLARAK G\u00dcNDEN [&hellip;]<\/p>\n","protected":false},"author":1,"featured_media":0,"parent":0,"menu_order":0,"comment_status":"closed","ping_status":"closed","template":"","meta":{"footnotes":""},"_links":{"self":[{"href":"https:\/\/saydampower.com\/index.php?rest_route=\/wp\/v2\/pages\/61"}],"collection":[{"href":"https:\/\/saydampower.com\/index.php?rest_route=\/wp\/v2\/pages"}],"about":[{"href":"https:\/\/saydampower.com\/index.php?rest_route=\/wp\/v2\/types\/page"}],"author":[{"embeddable":true,"href":"https:\/\/saydampower.com\/index.php?rest_route=\/wp\/v2\/users\/1"}],"replies":[{"embeddable":true,"href":"https:\/\/saydampower.com\/index.php?rest_route=%2Fwp%2Fv2%2Fcomments&post=61"}],"version-history":[{"count":1,"href":"https:\/\/saydampower.com\/index.php?rest_route=\/wp\/v2\/pages\/61\/revisions"}],"predecessor-version":[{"id":62,"href":"https:\/\/saydampower.com\/index.php?rest_route=\/wp\/v2\/pages\/61\/revisions\/62"}],"wp:attachment":[{"href":"https:\/\/saydampower.com\/index.php?rest_route=%2Fwp%2Fv2%2Fmedia&parent=61"}],"curies":[{"name":"wp","href":"https:\/\/api.w.org\/{rel}","templated":true}]}}