{"id":64,"date":"2024-06-25T20:35:38","date_gmt":"2024-06-25T17:35:38","guid":{"rendered":"https:\/\/saydampower.com\/?page_id=64"},"modified":"2024-06-25T20:35:38","modified_gmt":"2024-06-25T17:35:38","slug":"iletisim","status":"publish","type":"page","link":"https:\/\/saydampower.com\/?page_id=64","title":{"rendered":"\u0130leti\u015fim"},"content":{"rendered":"\n<h2 class=\"wp-block-heading\">Firma Bilgileri<\/h2>\n\n\n\n<figure class=\"wp-block-image\"><img decoding=\"async\" src=\"https:\/\/kirikkaleosb.org.tr\/wp-content\/uploads\/2020\/07\/b5d7198734ee5174b581630628ecfdd6-40x40.png\" alt=\"b5d7198734ee5174b581630628ecfdd6\" title=\"b5d7198734ee5174b581630628ecfdd6\"\/><\/figure>\n\n\n\n<h2 class=\"wp-block-heading\">Telefon:<\/h2>\n\n\n\n<h2 class=\"wp-block-heading\">Zekeriya SAYDAM : 0533 697 3827<\/h2>\n\n\n\n<h2 class=\"wp-block-heading\">Yasin SAYDAM : 0530 640 2072<\/h2>\n\n\n\n<h2 class=\"wp-block-heading\"><\/h2>\n\n\n\n<figure class=\"wp-block-image\"><img decoding=\"async\" src=\"https:\/\/kirikkaleosb.org.tr\/wp-content\/uploads\/2020\/07\/mail-40x40.png\" alt=\"mail\" title=\"mail\"\/><\/figure>\n\n\n\n<h2 class=\"wp-block-heading\">E-Posta:<strong>&nbsp;saydampazarlama@hotmail.com.tr<\/strong><\/h2>\n\n\n\n<figure class=\"wp-block-image\"><img decoding=\"async\" src=\"https:\/\/kirikkaleosb.org.tr\/wp-content\/uploads\/2020\/07\/address-40x40.png\" alt=\"address\" title=\"address\"\/><\/figure>\n\n\n\n<h2 class=\"wp-block-heading\">\u25b6&nbsp;MERKEZ:<strong>&nbsp;G\u00fcrler Mahallesi Millet Bulvar\u0131 No:151 MERKEZ\/KIRIKKALE<br>\u25b6&nbsp;<\/strong>\u015eUBE:<strong>&nbsp;Yenido\u011fan Mh. \u0130stanbul Cd. 609 Sk. No:1 MERKEZ\/KIRIKKALE<\/strong><\/h2>\n\n\n\n<figure class=\"wp-block-image\"><img decoding=\"async\" src=\"https:\/\/kirikkaleosb.org.tr\/wp-content\/uploads\/2020\/07\/web_120072-40x40.png\" alt=\"web_120072\" title=\"web_120072\"\/><\/figure>\n\n\n\n<h2 class=\"wp-block-heading\">Web: www.saydampower.com<\/h2>\n","protected":false},"excerpt":{"rendered":"<p>Firma Bilgileri Telefon: Zekeriya SAYDAM : 0533 697 3827 Yasin SAYDAM : 0530 640 2072 E-Posta:&nbsp;saydampazarlama@hotmail.com.tr \u25b6&nbsp;MERKEZ:&nbsp;G\u00fcrler Mahallesi Millet Bulvar\u0131 No:151 MERKEZ\/KIRIKKALE\u25b6&nbsp;\u015eUBE:&nbsp;Yenido\u011fan Mh. \u0130stanbul Cd. 609 Sk. No:1 MERKEZ\/KIRIKKALE Web: www.saydampower.com<\/p>\n","protected":false},"author":1,"featured_media":0,"parent":0,"menu_order":0,"comment_status":"closed","ping_status":"closed","template":"","meta":{"footnotes":""},"_links":{"self":[{"href":"https:\/\/saydampower.com\/index.php?rest_route=\/wp\/v2\/pages\/64"}],"collection":[{"href":"https:\/\/saydampower.com\/index.php?rest_route=\/wp\/v2\/pages"}],"about":[{"href":"https:\/\/saydampower.com\/index.php?rest_route=\/wp\/v2\/types\/page"}],"author":[{"embeddable":true,"href":"https:\/\/saydampower.com\/index.php?rest_route=\/wp\/v2\/users\/1"}],"replies":[{"embeddable":true,"href":"https:\/\/saydampower.com\/index.php?rest_route=%2Fwp%2Fv2%2Fcomments&post=64"}],"version-history":[{"count":1,"href":"https:\/\/saydampower.com\/index.php?rest_route=\/wp\/v2\/pages\/64\/revisions"}],"predecessor-version":[{"id":65,"href":"https:\/\/saydampower.com\/index.php?rest_route=\/wp\/v2\/pages\/64\/revisions\/65"}],"wp:attachment":[{"href":"https:\/\/saydampower.com\/index.php?rest_route=%2Fwp%2Fv2%2Fmedia&parent=64"}],"curies":[{"name":"wp","href":"https:\/\/api.w.org\/{rel}","templated":true}]}}